{"id":1055,"date":"2025-09-10T01:10:18","date_gmt":"2025-09-09T23:10:18","guid":{"rendered":"https:\/\/blueliftglobal.com\/?page_id=1055"},"modified":"2025-09-23T03:24:58","modified_gmt":"2025-09-23T01:24:58","slug":"politica-de-calidad","status":"publish","type":"page","link":"https:\/\/blueliftglobal.com\/en\/politica-de-calidad\/","title":{"rendered":"Pol\u00edtica de Calidad"},"content":{"rendered":"<div data-elementor-type=\"wp-page\" data-elementor-id=\"1055\" class=\"elementor elementor-1055\" data-elementor-post-type=\"page\">\n\t\t\t\t<div class=\"elementor-element elementor-element-1c73cca e-flex e-con-boxed e-con e-parent\" data-id=\"1c73cca\" data-element_type=\"container\">\n\t\t\t\t\t<div class=\"e-con-inner\">\n\t\t\t\t<div class=\"elementor-element elementor-element-5e9de2d elementor-widget elementor-widget-text-editor\" data-id=\"5e9de2d\" data-element_type=\"widget\" data-widget_type=\"text-editor.default\">\n\t\t\t\t<div class=\"elementor-widget-container\">\n\t\t\t\t\t\t\t\t\t<h3 style=\"text-align: center;\"><strong>POL\u00cdTICA DE CALIDAD<\/strong><\/h3><p class=\"p2\">At Blue Lift, we create effective logistics solutions at both national and international levels. We are committed to delivering services of the highest quality, meeting the expectations and requirements of our clients and stakeholders, with a focus on expanding our coverage.\nOur Quality Policy reflects our commitment to continuous improvement, customer satisfaction, and compliance with applicable standards and regulations.<\/p>\t\t\t\t\t\t\t\t<\/div>\n\t\t\t\t<\/div>\n\t\t\t\t\t<\/div>\n\t\t\t\t<\/div>\n\t\t\t\t<\/div>","protected":false},"excerpt":{"rendered":"<p>POL\u00cdTICA DE CALIDAD En Blue Lift, creamos soluciones log\u00edsticas eficaces a nivel nacional e internacional, estamos comprometidos con la entrega de servicios de la m\u00e1s alta calidad, cumpliendo con las expectativas y requisitos de nuestros clientes y partes interesadas, enfocados en la expansi\u00f3n de nuestra cobertura. Nuestra Pol\u00edtica de Calidad refleja nuestro compromiso con la [&hellip;]<\/p>","protected":false},"author":2,"featured_media":0,"parent":0,"menu_order":0,"comment_status":"closed","ping_status":"closed","template":"","meta":{"_joinchat":[],"footnotes":""},"class_list":["post-1055","page","type-page","status-publish","hentry"],"_links":{"self":[{"href":"https:\/\/blueliftglobal.com\/en\/wp-json\/wp\/v2\/pages\/1055","targetHints":{"allow":["GET"]}}],"collection":[{"href":"https:\/\/blueliftglobal.com\/en\/wp-json\/wp\/v2\/pages"}],"about":[{"href":"https:\/\/blueliftglobal.com\/en\/wp-json\/wp\/v2\/types\/page"}],"author":[{"embeddable":true,"href":"https:\/\/blueliftglobal.com\/en\/wp-json\/wp\/v2\/users\/2"}],"replies":[{"embeddable":true,"href":"https:\/\/blueliftglobal.com\/en\/wp-json\/wp\/v2\/comments?post=1055"}],"version-history":[{"count":10,"href":"https:\/\/blueliftglobal.com\/en\/wp-json\/wp\/v2\/pages\/1055\/revisions"}],"predecessor-version":[{"id":1111,"href":"https:\/\/blueliftglobal.com\/en\/wp-json\/wp\/v2\/pages\/1055\/revisions\/1111"}],"wp:attachment":[{"href":"https:\/\/blueliftglobal.com\/en\/wp-json\/wp\/v2\/media?parent=1055"}],"curies":[{"name":"wp","href":"https:\/\/api.w.org\/{rel}","templated":true}]}}